{"id":8,"date":"2026-01-23T16:48:47","date_gmt":"2026-01-23T15:48:47","guid":{"rendered":"http:\/\/aceitunasyencurtidosjesuslopez.es\/?page_id=8"},"modified":"2026-01-30T10:04:23","modified_gmt":"2026-01-30T09:04:23","slug":"elementor-8","status":"publish","type":"page","link":"https:\/\/aceitunasyencurtidosjesuslopez.es\/","title":{"rendered":""},"content":{"rendered":"\t\t<div data-elementor-type=\"wp-page\" data-elementor-id=\"8\" class=\"elementor elementor-8\">\n\t\t\t\t<div class=\"elementor-element elementor-element-dd34449 e-flex e-con-boxed e-con e-parent\" data-id=\"dd34449\" data-element_type=\"container\" data-e-type=\"container\">\n\t\t\t\t\t<div class=\"e-con-inner\">\n\t\t\t\t<div class=\"elementor-element elementor-element-9c64103 elementor-widget elementor-widget-heading\" data-id=\"9c64103\" data-element_type=\"widget\" data-e-type=\"widget\" data-widget_type=\"heading.default\">\n\t\t\t\t\t<h2 class=\"elementor-heading-title elementor-size-default\">ACEITUNAS Y ENCURTIDOS JESUS LOPEZ<\/h2>\t\t\t\t<\/div>\n\t\t\t\t\t<\/div>\n\t\t\t\t<\/div>\n\t\t<div class=\"elementor-element elementor-element-87cbaee e-flex e-con-boxed e-con e-parent\" data-id=\"87cbaee\" data-element_type=\"container\" data-e-type=\"container\">\n\t\t\t\t\t<div class=\"e-con-inner\">\n\t\t\t\t<div class=\"elementor-element elementor-element-5fc7563 elementor-widget elementor-widget-image\" data-id=\"5fc7563\" data-element_type=\"widget\" data-e-type=\"widget\" data-widget_type=\"image.default\">\n\t\t\t\t\t\t\t\t\t\t\t\t\t\t\t<img fetchpriority=\"high\" decoding=\"async\" width=\"1024\" height=\"682\" src=\"https:\/\/aceitunasyencurtidosjesuslopez.es\/wp-content\/uploads\/2026\/01\/como-preparar-aceitunas-3-1024x682.jpg\" class=\"attachment-large size-large wp-image-178\" alt=\"\" srcset=\"https:\/\/aceitunasyencurtidosjesuslopez.es\/wp-content\/uploads\/2026\/01\/como-preparar-aceitunas-3-1024x682.jpg 1024w, https:\/\/aceitunasyencurtidosjesuslopez.es\/wp-content\/uploads\/2026\/01\/como-preparar-aceitunas-3-300x200.jpg 300w, https:\/\/aceitunasyencurtidosjesuslopez.es\/wp-content\/uploads\/2026\/01\/como-preparar-aceitunas-3-768x511.jpg 768w, https:\/\/aceitunasyencurtidosjesuslopez.es\/wp-content\/uploads\/2026\/01\/como-preparar-aceitunas-3.jpg 1504w\" sizes=\"(max-width: 1024px) 100vw, 1024px\" \/>\t\t\t\t\t\t\t\t\t\t\t\t\t\t\t<\/div>\n\t\t\t\t\t<\/div>\n\t\t\t\t<\/div>\n\t\t<div class=\"elementor-element elementor-element-de58301 e-flex e-con-boxed e-con e-parent\" data-id=\"de58301\" data-element_type=\"container\" data-e-type=\"container\">\n\t\t\t\t\t<div class=\"e-con-inner\">\n\t\t\t\t<div class=\"elementor-element elementor-element-6f7765a elementor-widget__width-inherit elementor-widget elementor-widget-text-editor\" data-id=\"6f7765a\" data-element_type=\"widget\" data-e-type=\"widget\" data-widget_type=\"text-editor.default\">\n\t\t\t\t\t\t\t\t\t<h1 data-start=\"340\" data-end=\"393\"><strong data-start=\"342\" data-end=\"393\">Bienvenido a Aceitunas y Encurtidos Jes\u00fas L\u00f3pez<\/strong><\/h1><p data-start=\"395\" data-end=\"723\">Llevamos la <strong data-start=\"407\" data-end=\"483\">tradici\u00f3n y frescura de las aceitunas desde Berja directamente a tu mesa<\/strong>.<br data-start=\"484\" data-end=\"487\" \/>Aunque <strong data-start=\"494\" data-end=\"531\">llevamos solo unos meses abiertos<\/strong>, nuestra ilusi\u00f3n y pasi\u00f3n por este proyecto nos acompa\u00f1an cada d\u00eda. Cada producto que vendemos est\u00e1 seleccionado y cuidado con detalle, para que llegue <strong data-start=\"684\" data-end=\"720\">fresco, natural y lleno de sabor<\/strong>.<\/p><hr data-start=\"725\" data-end=\"728\" \/><h2 data-start=\"730\" data-end=\"750\"><strong data-start=\"733\" data-end=\"750\">Qui\u00e9nes somos<\/strong><\/h2><p data-start=\"752\" data-end=\"932\">Somos una pareja de Berja que <strong data-start=\"782\" data-end=\"832\">apasionados por las aceitunas y los encurtidos<\/strong>, decidimos abrir nuestra tienda para compartir <strong data-start=\"880\" data-end=\"910\">calidad, sabor y tradici\u00f3n<\/strong> con todos vosotros.<\/p><p data-start=\"934\" data-end=\"1168\">Nos encanta que cada producto sea <strong data-start=\"968\" data-end=\"996\">una experiencia de sabor<\/strong>, fruto de nuestra dedicaci\u00f3n y cuidado en cada etapa: desde la selecci\u00f3n hasta el envasado. Cada d\u00eda aprendemos, mejoramos y ponemos todo nuestro coraz\u00f3n en este proyecto.<\/p><hr data-start=\"1170\" data-end=\"1173\" \/><p><strong data-start=\"1178\" data-end=\"1209\">Nuestra tradici\u00f3n e ilusi\u00f3n<\/strong><\/p><p data-start=\"1211\" data-end=\"1356\">Hace miles de a\u00f1os, los olivos comenzaron a cultivarse por los antiguos griegos y romanos, convirti\u00e9ndose en un s\u00edmbolo de <strong data-start=\"1334\" data-end=\"1353\">cultura y sabor<\/strong>.<\/p><p data-start=\"1358\" data-end=\"1608\">Nosotros unimos esa tradici\u00f3n milenaria con nuestra <strong data-start=\"1410\" data-end=\"1464\">ilusi\u00f3n, creatividad y ganas de ofrecer algo \u00fanico<\/strong>. Aunque reci\u00e9n empezamos, queremos que cada cliente descubra un producto aut\u00e9ntico que lleve a su mesa toda la magia de este fruto ancestral.<\/p><hr data-start=\"1610\" data-end=\"1613\" \/><h2 data-start=\"1615\" data-end=\"1640\"><strong data-start=\"1618\" data-end=\"1640\">Nuestros productos<\/strong><\/h2><p data-start=\"1642\" data-end=\"1752\">En nuestra tienda encontrar\u00e1s <strong data-start=\"1672\" data-end=\"1719\">una gran variedad de aceitunas y encurtidos<\/strong>, pensados para acompa\u00f1arte en:<\/p><ul data-start=\"1753\" data-end=\"1867\"><li data-start=\"1753\" data-end=\"1781\"><p data-start=\"1755\" data-end=\"1781\">Tus reuniones con amigos<\/p><\/li><li data-start=\"1782\" data-end=\"1816\"><p data-start=\"1784\" data-end=\"1816\">Las comidas y cenas familiares<\/p><\/li><li data-start=\"1817\" data-end=\"1867\"><p data-start=\"1819\" data-end=\"1867\">Tu d\u00eda a d\u00eda, con un toque de sabor y frescura<\/p><\/li><\/ul><p data-start=\"1869\" data-end=\"2038\">Cada variedad est\u00e1 seleccionada para ofrecerte <strong data-start=\"1916\" data-end=\"1952\">textura, aroma y sabor aut\u00e9ntico<\/strong>, cuidando cada detalle para que disfrutes de un producto de calidad en cada bocado.<\/p><hr data-start=\"2040\" data-end=\"2043\" \/><h2 data-start=\"2045\" data-end=\"2074\"><strong data-start=\"2048\" data-end=\"2074\">Un sabor para cada d\u00eda<\/strong><\/h2><p data-start=\"2076\" data-end=\"2344\">Nuestra filosof\u00eda es simple: <strong data-start=\"2105\" data-end=\"2148\">sabores frescos, naturales y deliciosos<\/strong> para todos los momentos.<br data-start=\"2173\" data-end=\"2176\" \/>Queremos que descubras nuevas combinaciones, que pruebes y disfrutes de cada bocado, y que nuestra tienda sea tu <strong data-start=\"2289\" data-end=\"2315\">referente de confianza<\/strong> en aceitunas y encurtidos.<\/p><h2 data-start=\"2346\" data-end=\"2385\">\u00a0<\/h2>\t\t\t\t\t\t\t\t<\/div>\n\t\t\t\t\t<\/div>\n\t\t\t\t<\/div>\n\t\t\t\t<\/div>\n\t\t","protected":false},"excerpt":{"rendered":"<p>ACEITUNAS Y ENCURTIDOS JESUS LOPEZ Bienvenido a Aceitunas y Encurtidos Jes\u00fas L\u00f3pez Llevamos la tradici\u00f3n y frescura de las aceitunas desde Berja directamente a tu mesa.Aunque llevamos solo unos meses abiertos, nuestra ilusi\u00f3n y pasi\u00f3n por este proyecto nos acompa\u00f1an cada d\u00eda. Cada producto que vendemos est\u00e1 seleccionado y cuidado con detalle, para que llegue &#8230; <a title=\"\" class=\"read-more\" href=\"https:\/\/aceitunasyencurtidosjesuslopez.es\/\" aria-label=\"Leer m\u00e1s sobre \">Leer m\u00e1s<\/a><\/p>\n","protected":false},"author":1,"featured_media":0,"parent":0,"menu_order":0,"comment_status":"closed","ping_status":"closed","template":"","meta":{"footnotes":""},"class_list":["post-8","page","type-page","status-publish"],"jetpack_sharing_enabled":true,"_links":{"self":[{"href":"https:\/\/aceitunasyencurtidosjesuslopez.es\/index.php?rest_route=\/wp\/v2\/pages\/8","targetHints":{"allow":["GET"]}}],"collection":[{"href":"https:\/\/aceitunasyencurtidosjesuslopez.es\/index.php?rest_route=\/wp\/v2\/pages"}],"about":[{"href":"https:\/\/aceitunasyencurtidosjesuslopez.es\/index.php?rest_route=\/wp\/v2\/types\/page"}],"author":[{"embeddable":true,"href":"https:\/\/aceitunasyencurtidosjesuslopez.es\/index.php?rest_route=\/wp\/v2\/users\/1"}],"replies":[{"embeddable":true,"href":"https:\/\/aceitunasyencurtidosjesuslopez.es\/index.php?rest_route=%2Fwp%2Fv2%2Fcomments&post=8"}],"version-history":[{"count":90,"href":"https:\/\/aceitunasyencurtidosjesuslopez.es\/index.php?rest_route=\/wp\/v2\/pages\/8\/revisions"}],"predecessor-version":[{"id":575,"href":"https:\/\/aceitunasyencurtidosjesuslopez.es\/index.php?rest_route=\/wp\/v2\/pages\/8\/revisions\/575"}],"wp:attachment":[{"href":"https:\/\/aceitunasyencurtidosjesuslopez.es\/index.php?rest_route=%2Fwp%2Fv2%2Fmedia&parent=8"}],"curies":[{"name":"wp","href":"https:\/\/api.w.org\/{rel}","templated":true}]}}